{"id":5949,"date":"2019-11-14T00:06:51","date_gmt":"2019-11-14T00:06:51","guid":{"rendered":"https:\/\/staging.garderobe.de\/product\/500-selbstklebende-gepaeckanhaenger-vorgedruckt-serie-1501-2000\/"},"modified":"2026-05-13T05:05:38","modified_gmt":"2026-05-13T03:05:38","slug":"500-gepaeckanhaenger-selbstklebend-vorgedruckt-serie-1501-2000","status":"publish","type":"product","link":"https:\/\/garderobe.de\/en\/product\/500-gepaeckanhaenger-selbstklebend-vorgedruckt-serie-1501-2000\/","title":{"rendered":"500 selbstklebende Gep\u00e4ckanh\u00e4nger, vorgedruckt, Serie 1501-2000"},"content":{"rendered":"<p>500 selbstklebende Gep\u00e4ckanh\u00e4nger, vorgedruckt<\/p>\n","protected":false},"excerpt":{"rendered":"<p>500 selbstklebende Gep\u00e4ckanh\u00e4nger, vorgedruckt<\/p>\n","protected":false},"featured_media":5846,"comment_status":"open","ping_status":"closed","template":"","meta":{"_acf_changed":false},"product_brand":[],"product_cat":[766],"product_tag":[],"class_list":{"0":"post-5949","1":"product","2":"type-product","3":"status-publish","4":"has-post-thumbnail","6":"product_cat-keine-kategorie","7":"pa_aantal-in-verpakking-1-en","8":"pa_aantal-tickets-per-rol-of-bl-250-en","9":"pa_breedte-product-cm-17-en","10":"pa_features-einfach-und-schnell-zu-bedienenprofessioneller-lookhinterlassen-keinen-leimrueckstand","11":"pa_grootboekrekening-rlz-8026-en","12":"pa_grootte-van-gat-mm-breedte-x-no-hole","13":"pa_hoogte-product-cm-538","14":"pa_kleur-white","15":"pa_lengte-product-cm-514","16":"pa_materiaal-self-adhesive-thermal-paper","17":"pa_nummer-breedte-cm-7-6-en","18":"pa_nummer-hoogte-cm-0-01-en","19":"pa_nummer-lengte-cm-14-6-en","20":"pa_printer-type-not-applicable","21":"pa_product-gewicht-g-920-en","22":"pa_totaal-tickets-in-doos-500-en","23":"pa_use-in-promo-column-0-2","24":"pa_verpakking-breedte-cm-17-en","25":"pa_verpakking-hoogte-cm-520","26":"pa_verpakking-lengte-cm-33-en","27":"pa_verpakking-type-box","29":"first","30":"instock","31":"taxable","32":"shipping-taxable","33":"purchasable","34":"product-type-simple"},"acf":[],"yoast_head":"<!-- This site is optimized with the Yoast SEO plugin v27.1.1 - https:\/\/yoast.com\/product\/yoast-seo-wordpress\/ -->\n<title>Gep\u00e4ckanh\u00e4nger 1501-2000 | Vorgedruckt &amp; selbstklebend<\/title>\n<meta name=\"description\" content=\"500 vorgedruckte Gep\u00e4ckanh\u00e4nger f\u00fcr die Garderobe \u2713 Selbstklebend \u2713 Fertig zum Gebrauch \u2713 Kostenloser Versand \u2713 Bestellungen bis 20:30 Uhr = Lieferung am n\u00e4chsten Tag\" \/>\n<meta name=\"robots\" content=\"index, follow, max-snippet:-1, max-image-preview:large, max-video-preview:-1\" \/>\n<link rel=\"canonical\" href=\"https:\/\/garderobe.de\/produkt\/500-selbstklebende-gepaeckanhaenger-vorgedruckt-serie-1501-2000\/\" \/>\n<meta property=\"og:locale\" content=\"en_US\" \/>\n<meta property=\"og:type\" content=\"article\" \/>\n<meta property=\"og:title\" content=\"Gep\u00e4ckanh\u00e4nger 1501-2000 | Vorgedruckt &amp; selbstklebend\" \/>\n<meta property=\"og:description\" content=\"500 vorgedruckte Gep\u00e4ckanh\u00e4nger f\u00fcr die Garderobe \u2713 Selbstklebend \u2713 Fertig zum Gebrauch \u2713 Kostenloser Versand \u2713 Bestellungen bis 20:30 Uhr = Lieferung am n\u00e4chsten Tag\" \/>\n<meta property=\"og:url\" content=\"https:\/\/garderobe.de\/produkt\/500-selbstklebende-gepaeckanhaenger-vorgedruckt-serie-1501-2000\/\" \/>\n<meta property=\"og:site_name\" content=\"Garderobe.de\" \/>\n<meta property=\"article:modified_time\" content=\"2026-05-13T03:05:38+00:00\" \/>\n<meta property=\"og:image\" content=\"https:\/\/garderobe.de\/wp-content\/uploads\/2019\/11\/products-gard-20191107-00063_los_1.jpg\" \/>\n\t<meta property=\"og:image:width\" content=\"1200\" \/>\n\t<meta property=\"og:image:height\" content=\"1200\" \/>\n\t<meta property=\"og:image:type\" content=\"image\/jpeg\" \/>\n<meta name=\"twitter:card\" content=\"summary_large_image\" \/>\n<script type=\"application\/ld+json\" class=\"yoast-schema-graph\">{\"@context\":\"https:\/\/schema.org\",\"@graph\":[{\"@type\":\"WebPage\",\"@id\":\"https:\/\/garderobe.de\/produkt\/500-selbstklebende-gepaeckanhaenger-vorgedruckt-serie-1501-2000\/\",\"url\":\"https:\/\/garderobe.de\/produkt\/500-selbstklebende-gepaeckanhaenger-vorgedruckt-serie-1501-2000\/\",\"name\":\"Gep\u00e4ckanh\u00e4nger 1501-2000 | Vorgedruckt & selbstklebend\",\"isPartOf\":{\"@id\":\"https:\/\/garderobe.de\/#website\"},\"primaryImageOfPage\":{\"@id\":\"https:\/\/garderobe.de\/produkt\/500-selbstklebende-gepaeckanhaenger-vorgedruckt-serie-1501-2000\/#primaryimage\"},\"image\":{\"@id\":\"https:\/\/garderobe.de\/produkt\/500-selbstklebende-gepaeckanhaenger-vorgedruckt-serie-1501-2000\/#primaryimage\"},\"thumbnailUrl\":\"https:\/\/garderobe.de\/wp-content\/uploads\/2019\/11\/products-gard-20191107-00063_los_1.jpg\",\"datePublished\":\"2019-11-14T00:06:51+00:00\",\"dateModified\":\"2026-05-13T03:05:38+00:00\",\"description\":\"500 vorgedruckte Gep\u00e4ckanh\u00e4nger f\u00fcr die Garderobe \u2713 Selbstklebend \u2713 Fertig zum Gebrauch \u2713 Kostenloser Versand \u2713 Bestellungen bis 20:30 Uhr = Lieferung am n\u00e4chsten Tag\",\"breadcrumb\":{\"@id\":\"https:\/\/garderobe.de\/produkt\/500-selbstklebende-gepaeckanhaenger-vorgedruckt-serie-1501-2000\/#breadcrumb\"},\"inLanguage\":\"en-US\",\"potentialAction\":[{\"@type\":\"ReadAction\",\"target\":[\"https:\/\/garderobe.de\/produkt\/500-selbstklebende-gepaeckanhaenger-vorgedruckt-serie-1501-2000\/\"]}]},{\"@type\":\"ImageObject\",\"inLanguage\":\"en-US\",\"@id\":\"https:\/\/garderobe.de\/produkt\/500-selbstklebende-gepaeckanhaenger-vorgedruckt-serie-1501-2000\/#primaryimage\",\"url\":\"https:\/\/garderobe.de\/wp-content\/uploads\/2019\/11\/products-gard-20191107-00063_los_1.jpg\",\"contentUrl\":\"https:\/\/garderobe.de\/wp-content\/uploads\/2019\/11\/products-gard-20191107-00063_los_1.jpg\",\"width\":\"1200\",\"height\":\"1200\",\"caption\":\"500-Gep\u00e4ckanh\u00e4nger, selbstklebend, vorgedruckt, Serie 1501-2000 wei\u00df\"},{\"@type\":\"BreadcrumbList\",\"@id\":\"https:\/\/garderobe.de\/produkt\/500-selbstklebende-gepaeckanhaenger-vorgedruckt-serie-1501-2000\/#breadcrumb\",\"itemListElement\":[{\"@type\":\"ListItem\",\"position\":1,\"name\":\"Home\",\"item\":\"https:\/\/garderobe.de\/en\/\"},{\"@type\":\"ListItem\",\"position\":2,\"name\":\"Shop\",\"item\":\"https:\/\/garderobe.de\/en\/shop\/\"},{\"@type\":\"ListItem\",\"position\":3,\"name\":\"500 selbstklebende Gep\u00e4ckanh\u00e4nger, vorgedruckt, Serie 1501-2000\"}]},{\"@type\":\"WebSite\",\"@id\":\"https:\/\/garderobe.de\/#website\",\"url\":\"https:\/\/garderobe.de\/\",\"name\":\"Garderobe.de\",\"description\":\"Intelligente Garderoben- und Eingangsl\u00f6sungen\",\"potentialAction\":[{\"@type\":\"SearchAction\",\"target\":{\"@type\":\"EntryPoint\",\"urlTemplate\":\"https:\/\/garderobe.de\/?s={search_term_string}\"},\"query-input\":{\"@type\":\"PropertyValueSpecification\",\"valueRequired\":true,\"valueName\":\"search_term_string\"}}],\"inLanguage\":\"en-US\"}]}<\/script>\n<!-- \/ Yoast SEO plugin. -->","yoast_head_json":{"title":"Gep\u00e4ckanh\u00e4nger 1501-2000 | Vorgedruckt & selbstklebend","description":"500 vorgedruckte Gep\u00e4ckanh\u00e4nger f\u00fcr die Garderobe \u2713 Selbstklebend \u2713 Fertig zum Gebrauch \u2713 Kostenloser Versand \u2713 Bestellungen bis 20:30 Uhr = Lieferung am n\u00e4chsten Tag","robots":{"index":"index","follow":"follow","max-snippet":"max-snippet:-1","max-image-preview":"max-image-preview:large","max-video-preview":"max-video-preview:-1"},"canonical":"https:\/\/garderobe.de\/produkt\/500-selbstklebende-gepaeckanhaenger-vorgedruckt-serie-1501-2000\/","og_locale":"en_US","og_type":"article","og_title":"Gep\u00e4ckanh\u00e4nger 1501-2000 | Vorgedruckt & selbstklebend","og_description":"500 vorgedruckte Gep\u00e4ckanh\u00e4nger f\u00fcr die Garderobe \u2713 Selbstklebend \u2713 Fertig zum Gebrauch \u2713 Kostenloser Versand \u2713 Bestellungen bis 20:30 Uhr = Lieferung am n\u00e4chsten Tag","og_url":"https:\/\/garderobe.de\/produkt\/500-selbstklebende-gepaeckanhaenger-vorgedruckt-serie-1501-2000\/","og_site_name":"Garderobe.de","article_modified_time":"2026-05-13T03:05:38+00:00","og_image":[{"width":1200,"height":1200,"url":"https:\/\/garderobe.de\/wp-content\/uploads\/2019\/11\/products-gard-20191107-00063_los_1.jpg","type":"image\/jpeg"}],"twitter_card":"summary_large_image","schema":{"@context":"https:\/\/schema.org","@graph":[{"@type":"WebPage","@id":"https:\/\/garderobe.de\/produkt\/500-selbstklebende-gepaeckanhaenger-vorgedruckt-serie-1501-2000\/","url":"https:\/\/garderobe.de\/produkt\/500-selbstklebende-gepaeckanhaenger-vorgedruckt-serie-1501-2000\/","name":"Gep\u00e4ckanh\u00e4nger 1501-2000 | Vorgedruckt & selbstklebend","isPartOf":{"@id":"https:\/\/garderobe.de\/#website"},"primaryImageOfPage":{"@id":"https:\/\/garderobe.de\/produkt\/500-selbstklebende-gepaeckanhaenger-vorgedruckt-serie-1501-2000\/#primaryimage"},"image":{"@id":"https:\/\/garderobe.de\/produkt\/500-selbstklebende-gepaeckanhaenger-vorgedruckt-serie-1501-2000\/#primaryimage"},"thumbnailUrl":"https:\/\/garderobe.de\/wp-content\/uploads\/2019\/11\/products-gard-20191107-00063_los_1.jpg","datePublished":"2019-11-14T00:06:51+00:00","dateModified":"2026-05-13T03:05:38+00:00","description":"500 vorgedruckte Gep\u00e4ckanh\u00e4nger f\u00fcr die Garderobe \u2713 Selbstklebend \u2713 Fertig zum Gebrauch \u2713 Kostenloser Versand \u2713 Bestellungen bis 20:30 Uhr = Lieferung am n\u00e4chsten Tag","breadcrumb":{"@id":"https:\/\/garderobe.de\/produkt\/500-selbstklebende-gepaeckanhaenger-vorgedruckt-serie-1501-2000\/#breadcrumb"},"inLanguage":"en-US","potentialAction":[{"@type":"ReadAction","target":["https:\/\/garderobe.de\/produkt\/500-selbstklebende-gepaeckanhaenger-vorgedruckt-serie-1501-2000\/"]}]},{"@type":"ImageObject","inLanguage":"en-US","@id":"https:\/\/garderobe.de\/produkt\/500-selbstklebende-gepaeckanhaenger-vorgedruckt-serie-1501-2000\/#primaryimage","url":"https:\/\/garderobe.de\/wp-content\/uploads\/2019\/11\/products-gard-20191107-00063_los_1.jpg","contentUrl":"https:\/\/garderobe.de\/wp-content\/uploads\/2019\/11\/products-gard-20191107-00063_los_1.jpg","width":"1200","height":"1200","caption":"500-Gep\u00e4ckanh\u00e4nger, selbstklebend, vorgedruckt, Serie 1501-2000 wei\u00df"},{"@type":"BreadcrumbList","@id":"https:\/\/garderobe.de\/produkt\/500-selbstklebende-gepaeckanhaenger-vorgedruckt-serie-1501-2000\/#breadcrumb","itemListElement":[{"@type":"ListItem","position":1,"name":"Home","item":"https:\/\/garderobe.de\/en\/"},{"@type":"ListItem","position":2,"name":"Shop","item":"https:\/\/garderobe.de\/en\/shop\/"},{"@type":"ListItem","position":3,"name":"500 selbstklebende Gep\u00e4ckanh\u00e4nger, vorgedruckt, Serie 1501-2000"}]},{"@type":"WebSite","@id":"https:\/\/garderobe.de\/#website","url":"https:\/\/garderobe.de\/","name":"Garderobe.de","description":"Intelligente Garderoben- und Eingangsl\u00f6sungen","potentialAction":[{"@type":"SearchAction","target":{"@type":"EntryPoint","urlTemplate":"https:\/\/garderobe.de\/?s={search_term_string}"},"query-input":{"@type":"PropertyValueSpecification","valueRequired":true,"valueName":"search_term_string"}}],"inLanguage":"en-US"}]}},"_links":{"self":[{"href":"https:\/\/garderobe.de\/en\/wp-json\/wp\/v2\/product\/5949","targetHints":{"allow":["GET"]}}],"collection":[{"href":"https:\/\/garderobe.de\/en\/wp-json\/wp\/v2\/product"}],"about":[{"href":"https:\/\/garderobe.de\/en\/wp-json\/wp\/v2\/types\/product"}],"replies":[{"embeddable":true,"href":"https:\/\/garderobe.de\/en\/wp-json\/wp\/v2\/comments?post=5949"}],"wp:featuredmedia":[{"embeddable":true,"href":"https:\/\/garderobe.de\/en\/wp-json\/wp\/v2\/media\/5846"}],"wp:attachment":[{"href":"https:\/\/garderobe.de\/en\/wp-json\/wp\/v2\/media?parent=5949"}],"wp:term":[{"taxonomy":"product_brand","embeddable":true,"href":"https:\/\/garderobe.de\/en\/wp-json\/wp\/v2\/product_brand?post=5949"},{"taxonomy":"product_cat","embeddable":true,"href":"https:\/\/garderobe.de\/en\/wp-json\/wp\/v2\/product_cat?post=5949"},{"taxonomy":"product_tag","embeddable":true,"href":"https:\/\/garderobe.de\/en\/wp-json\/wp\/v2\/product_tag?post=5949"}],"curies":[{"name":"wp","href":"https:\/\/api.w.org\/{rel}","templated":true}]}}